{"id":1618,"date":"2026-04-04T14:14:21","date_gmt":"2026-04-04T12:14:21","guid":{"rendered":"http:\/\/s1090380728.sito-web-online.it\/?page_id=1618"},"modified":"2026-05-05T18:45:13","modified_gmt":"2026-05-05T16:45:13","slug":"dona-ora","status":"publish","type":"page","link":"https:\/\/emimei.org\/de\/dona-ora\/","title":{"rendered":"Spenden"},"content":{"rendered":"<style>.wp-block-kadence-advancedheading.kt-adv-heading1618_10c829-c2, .wp-block-kadence-advancedheading.kt-adv-heading1618_10c829-c2[data-kb-block=\"kb-adv-heading1618_10c829-c2\"]{text-align:center;font-style:normal;}.wp-block-kadence-advancedheading.kt-adv-heading1618_10c829-c2 mark.kt-highlight, .wp-block-kadence-advancedheading.kt-adv-heading1618_10c829-c2[data-kb-block=\"kb-adv-heading1618_10c829-c2\"] mark.kt-highlight{font-style:normal;color:#f76a0c;-webkit-box-decoration-break:clone;box-decoration-break:clone;padding-top:0px;padding-right:0px;padding-bottom:0px;padding-left:0px;}.wp-block-kadence-advancedheading.kt-adv-heading1618_10c829-c2 img.kb-inline-image, .wp-block-kadence-advancedheading.kt-adv-heading1618_10c829-c2[data-kb-block=\"kb-adv-heading1618_10c829-c2\"] img.kb-inline-image{width:150px;vertical-align:baseline;}<\/style>\n<h1 class=\"kt-adv-heading1618_10c829-c2 wp-block-kadence-advancedheading\" data-kb-block=\"kb-adv-heading1618_10c829-c2\">Il vostro contributo<\/h1>\n\n\n<style>.kb-image1618_a68d62-f8.kb-image-is-ratio-size, .kb-image1618_a68d62-f8 .kb-image-is-ratio-size{max-width:-473px;width:100%;}.wp-block-kadence-column > .kt-inside-inner-col > .kb-image1618_a68d62-f8.kb-image-is-ratio-size, .wp-block-kadence-column > .kt-inside-inner-col > .kb-image1618_a68d62-f8 .kb-image-is-ratio-size{align-self:unset;}.kb-image1618_a68d62-f8 figure{max-width:-473px;}.kb-image1618_a68d62-f8 .image-is-svg, .kb-image1618_a68d62-f8 .image-is-svg img{width:100%;}.kb-image1618_a68d62-f8 .kb-image-has-overlay:after{opacity:0.3;}<\/style>\n<div class=\"wp-block-kadence-image kb-image1618_a68d62-f8\"><figure class=\"aligncenter size-large\"><img loading=\"lazy\" decoding=\"async\" width=\"1024\" height=\"682\" src=\"https:\/\/emimei.org\/wp-content\/uploads\/2026\/04\/img-donazione-1024x682.jpg\" alt=\"\" class=\"kb-img wp-image-1872\" srcset=\"https:\/\/emimei.org\/wp-content\/uploads\/2026\/04\/img-donazione-1024x682.jpg 1024w, https:\/\/emimei.org\/wp-content\/uploads\/2026\/04\/img-donazione-300x200.jpg 300w, https:\/\/emimei.org\/wp-content\/uploads\/2026\/04\/img-donazione-768x512.jpg 768w, https:\/\/emimei.org\/wp-content\/uploads\/2026\/04\/img-donazione-1536x1024.jpg 1536w, https:\/\/emimei.org\/wp-content\/uploads\/2026\/04\/img-donazione-18x12.jpg 18w, https:\/\/emimei.org\/wp-content\/uploads\/2026\/04\/img-donazione.jpg 2000w\" sizes=\"auto, (max-width: 1024px) 100vw, 1024px\" \/><\/figure><\/div>\n\n\n<style>.wp-block-kadence-advancedheading.kt-adv-heading1618_e0d675-ba, .wp-block-kadence-advancedheading.kt-adv-heading1618_e0d675-ba[data-kb-block=\"kb-adv-heading1618_e0d675-ba\"]{text-align:center;font-size:var(--global-kb-font-size-xl, 3rem);font-style:normal;}.wp-block-kadence-advancedheading.kt-adv-heading1618_e0d675-ba mark.kt-highlight, .wp-block-kadence-advancedheading.kt-adv-heading1618_e0d675-ba[data-kb-block=\"kb-adv-heading1618_e0d675-ba\"] mark.kt-highlight{font-style:normal;color:#f76a0c;-webkit-box-decoration-break:clone;box-decoration-break:clone;padding-top:0px;padding-right:0px;padding-bottom:0px;padding-left:0px;}.wp-block-kadence-advancedheading.kt-adv-heading1618_e0d675-ba img.kb-inline-image, .wp-block-kadence-advancedheading.kt-adv-heading1618_e0d675-ba[data-kb-block=\"kb-adv-heading1618_e0d675-ba\"] img.kb-inline-image{width:150px;vertical-align:baseline;}<\/style>\n<h2 class=\"kt-adv-heading1618_e0d675-ba wp-block-kadence-advancedheading\" data-kb-block=\"kb-adv-heading1618_e0d675-ba\">Se desiderate sostenere i progetti di EMIMEI<\/h2>\n\n\n<style>.wp-block-kadence-advancedheading.kt-adv-heading1618_ef4f14-91, .wp-block-kadence-advancedheading.kt-adv-heading1618_ef4f14-91[data-kb-block=\"kb-adv-heading1618_ef4f14-91\"]{text-align:center;font-size:var(--global-kb-font-size-md, 1.25rem);font-weight:400;font-style:normal;font-family:'Antic Didone';}.wp-block-kadence-advancedheading.kt-adv-heading1618_ef4f14-91 mark.kt-highlight, .wp-block-kadence-advancedheading.kt-adv-heading1618_ef4f14-91[data-kb-block=\"kb-adv-heading1618_ef4f14-91\"] mark.kt-highlight{font-style:normal;color:#f76a0c;-webkit-box-decoration-break:clone;box-decoration-break:clone;padding-top:0px;padding-right:0px;padding-bottom:0px;padding-left:0px;}.wp-block-kadence-advancedheading.kt-adv-heading1618_ef4f14-91 img.kb-inline-image, .wp-block-kadence-advancedheading.kt-adv-heading1618_ef4f14-91[data-kb-block=\"kb-adv-heading1618_ef4f14-91\"] img.kb-inline-image{width:150px;vertical-align:baseline;}<\/style>\n<p class=\"kt-adv-heading1618_ef4f14-91 wp-block-kadence-advancedheading\" data-kb-block=\"kb-adv-heading1618_ef4f14-91\"><em>&#8220;In ogni cosa vi ho mostrato che bisogna venire in aiuto ai deboli lavorando cos\u00ec, e ricordarsi delle parole del Signore Ges\u00f9, il quale disse egli stesso: &#8220;Vi \u00e8 pi\u00f9 gioia nel dare che nel ricevere.&#8221;<\/em>&nbsp;Atti 20:35&nbsp;<\/p>\n\n\n<style>.wp-block-kadence-advancedheading.kt-adv-heading1618_4cca60-94, .wp-block-kadence-advancedheading.kt-adv-heading1618_4cca60-94[data-kb-block=\"kb-adv-heading1618_4cca60-94\"]{text-align:center;font-size:var(--global-kb-font-size-lg, 2rem);font-style:normal;}.wp-block-kadence-advancedheading.kt-adv-heading1618_4cca60-94 mark.kt-highlight, .wp-block-kadence-advancedheading.kt-adv-heading1618_4cca60-94[data-kb-block=\"kb-adv-heading1618_4cca60-94\"] mark.kt-highlight{font-style:normal;color:#f76a0c;-webkit-box-decoration-break:clone;box-decoration-break:clone;padding-top:0px;padding-right:0px;padding-bottom:0px;padding-left:0px;}.wp-block-kadence-advancedheading.kt-adv-heading1618_4cca60-94 img.kb-inline-image, .wp-block-kadence-advancedheading.kt-adv-heading1618_4cca60-94[data-kb-block=\"kb-adv-heading1618_4cca60-94\"] img.kb-inline-image{width:150px;vertical-align:baseline;}<\/style>\n<h3 class=\"kt-adv-heading1618_4cca60-94 wp-block-kadence-advancedheading\" data-kb-block=\"kb-adv-heading1618_4cca60-94\">Progetti sostenuti dalle vostre donazioni<\/h3>\n\n\n\n<ul style=\"padding-top:var(--wp--preset--spacing--40);padding-right:var(--wp--preset--spacing--60);padding-bottom:var(--wp--preset--spacing--40);padding-left:var(--wp--preset--spacing--60)\" class=\"wp-block-list has-medium-font-size\">\n<li class=\"has-medium-font-size\" style=\"padding-top:0;padding-right:0;padding-bottom:0;padding-left:0\"><strong>Centro EMMAUS &#8211; Roccella Jonica &#8211; Calabria<\/strong><\/li>\n\n\n\n<li class=\"has-medium-font-size\" style=\"padding-top:0;padding-right:0;padding-bottom:0;padding-left:0\"><strong>Evangelizzazione per Televisione<\/strong><\/li>\n\n\n\n<li class=\"has-medium-font-size\"><strong>Evangelizzazione negli ospedali<\/strong><\/li>\n\n\n\n<li class=\"has-medium-font-size\"><strong>Evangelizzazione nelle carceri<\/strong><\/li>\n\n\n\n<li class=\"has-medium-font-size\"><strong>Evangelizzazione: prodotti per evangelizzare (stampa di opuscoli e libri, sviluppo di programmi sui social)<\/strong><\/li>\n\n\n\n<li class=\"has-medium-font-size\"><strong>Progetti Umanitari<\/strong><\/li>\n\n\n\n<li class=\"has-medium-font-size\"><strong>Missione: contributo a sostegno di giovani missionari e pastori in difficolt\u00e0&nbsp;<\/strong><\/li>\n<\/ul>\n\n\n<style>.wp-block-kadence-spacer.kt-block-spacer-1618_ce21e3-e7 .kt-block-spacer{height:60px;}.wp-block-kadence-spacer.kt-block-spacer-1618_ce21e3-e7 .kt-divider{border-top-width:1px;height:1px;border-top-color:#eee;width:80%;border-top-style:solid;}<\/style>\n<div class=\"wp-block-kadence-spacer aligncenter kt-block-spacer-1618_ce21e3-e7\"><div class=\"kt-block-spacer kt-block-spacer-halign-center\"><hr class=\"kt-divider\"\/><\/div><\/div>\n\n\n<style>.wp-block-kadence-advancedheading.kt-adv-heading1618_f8580e-13, .wp-block-kadence-advancedheading.kt-adv-heading1618_f8580e-13[data-kb-block=\"kb-adv-heading1618_f8580e-13\"]{text-align:center;font-size:var(--global-kb-font-size-lg, 2rem);font-style:normal;}.wp-block-kadence-advancedheading.kt-adv-heading1618_f8580e-13 mark.kt-highlight, .wp-block-kadence-advancedheading.kt-adv-heading1618_f8580e-13[data-kb-block=\"kb-adv-heading1618_f8580e-13\"] mark.kt-highlight{font-style:normal;color:#f76a0c;-webkit-box-decoration-break:clone;box-decoration-break:clone;padding-top:0px;padding-right:0px;padding-bottom:0px;padding-left:0px;}.wp-block-kadence-advancedheading.kt-adv-heading1618_f8580e-13 img.kb-inline-image, .wp-block-kadence-advancedheading.kt-adv-heading1618_f8580e-13[data-kb-block=\"kb-adv-heading1618_f8580e-13\"] img.kb-inline-image{width:150px;vertical-align:baseline;}<\/style>\n<h3 class=\"kt-adv-heading1618_f8580e-13 wp-block-kadence-advancedheading\" data-kb-block=\"kb-adv-heading1618_f8580e-13\">Ogni donazione rinforza i nostri diversi ministeri. Vi ringraziamo di vero cuore per la vostra generosit\u00e0.&nbsp;<br><\/h3>\n\n\n<style>.wp-block-kadence-spacer.kt-block-spacer-1618_e0a61a-a8 .kt-block-spacer{height:60px;}.wp-block-kadence-spacer.kt-block-spacer-1618_e0a61a-a8 .kt-divider{border-top-width:1px;height:1px;border-top-color:#eee;width:80%;border-top-style:solid;}<\/style>\n<div class=\"wp-block-kadence-spacer aligncenter kt-block-spacer-1618_e0a61a-a8\"><div class=\"kt-block-spacer kt-block-spacer-halign-center\"><hr class=\"kt-divider\"\/><\/div><\/div>\n\n\n\n<div id=\"rnw-paylink-button-jzvhn\"><\/div>\n<script type=\"module\">\n  import {TwintButton} from \"https:\/\/unpkg.com\/@raisenow\/paylink-button@2\/dist\/TwintButton.js\"\n  \n  \/\/ Rileva automaticamente se la pagina \u00e8 in it, de, o fr\n  const currentLang = document.documentElement.lang.substring(0, 2) || \"de\";\n\n  TwintButton.render(\"#rnw-paylink-button-jzvhn\", {\n    \"solution-id\": \"jzvhn\",\n    \"solution-type\": \"donate\",\n    \"language\": currentLang, \n    \"size\": \"large\",\n    \"width\": \"fixed\",\n    \"color-scheme\": \"dark\",\n  })\n<\/script>\n\n\n<style>.wp-block-kadence-advancedheading.kt-adv-heading1618_000a63-23, .wp-block-kadence-advancedheading.kt-adv-heading1618_000a63-23[data-kb-block=\"kb-adv-heading1618_000a63-23\"]{text-align:center;font-size:var(--global-kb-font-size-md, 1.25rem);font-style:normal;}.wp-block-kadence-advancedheading.kt-adv-heading1618_000a63-23 mark.kt-highlight, .wp-block-kadence-advancedheading.kt-adv-heading1618_000a63-23[data-kb-block=\"kb-adv-heading1618_000a63-23\"] mark.kt-highlight{font-style:normal;color:#f76a0c;-webkit-box-decoration-break:clone;box-decoration-break:clone;padding-top:0px;padding-right:0px;padding-bottom:0px;padding-left:0px;}.wp-block-kadence-advancedheading.kt-adv-heading1618_000a63-23 img.kb-inline-image, .wp-block-kadence-advancedheading.kt-adv-heading1618_000a63-23[data-kb-block=\"kb-adv-heading1618_000a63-23\"] img.kb-inline-image{width:150px;vertical-align:baseline;}<\/style>\n<h2 class=\"kt-adv-heading1618_000a63-23 wp-block-kadence-advancedheading\" data-kb-block=\"kb-adv-heading1618_000a63-23\">Per effettuare bonifici ai Progetti, troverete di seguito i dettagli del conto bancario di EMIMEI:<br><\/h2>\n\n\n<style>.wp-block-kadence-advancedheading.kt-adv-heading1618_d38960-ec, .wp-block-kadence-advancedheading.kt-adv-heading1618_d38960-ec[data-kb-block=\"kb-adv-heading1618_d38960-ec\"]{text-align:center;font-size:var(--global-kb-font-size-md, 1.25rem);font-style:normal;}.wp-block-kadence-advancedheading.kt-adv-heading1618_d38960-ec mark.kt-highlight, .wp-block-kadence-advancedheading.kt-adv-heading1618_d38960-ec[data-kb-block=\"kb-adv-heading1618_d38960-ec\"] mark.kt-highlight{font-style:normal;color:#f76a0c;-webkit-box-decoration-break:clone;box-decoration-break:clone;padding-top:0px;padding-right:0px;padding-bottom:0px;padding-left:0px;}.wp-block-kadence-advancedheading.kt-adv-heading1618_d38960-ec img.kb-inline-image, .wp-block-kadence-advancedheading.kt-adv-heading1618_d38960-ec[data-kb-block=\"kb-adv-heading1618_d38960-ec\"] img.kb-inline-image{width:150px;vertical-align:baseline;}<\/style>\n<h3 class=\"kt-adv-heading1618_d38960-ec wp-block-kadence-advancedheading\" data-kb-block=\"kb-adv-heading1618_d38960-ec\">Bonifico Schwyzer Kantonalbank Konto 923264-3642<br><br><\/h3>\n\n\n<style>.wp-block-kadence-advancedheading.kt-adv-heading1618_c7a1dd-1f, .wp-block-kadence-advancedheading.kt-adv-heading1618_c7a1dd-1f[data-kb-block=\"kb-adv-heading1618_c7a1dd-1f\"]{text-align:center;font-style:normal;}.wp-block-kadence-advancedheading.kt-adv-heading1618_c7a1dd-1f mark.kt-highlight, .wp-block-kadence-advancedheading.kt-adv-heading1618_c7a1dd-1f[data-kb-block=\"kb-adv-heading1618_c7a1dd-1f\"] mark.kt-highlight{font-style:normal;color:#f76a0c;-webkit-box-decoration-break:clone;box-decoration-break:clone;padding-top:0px;padding-right:0px;padding-bottom:0px;padding-left:0px;}.wp-block-kadence-advancedheading.kt-adv-heading1618_c7a1dd-1f img.kb-inline-image, .wp-block-kadence-advancedheading.kt-adv-heading1618_c7a1dd-1f[data-kb-block=\"kb-adv-heading1618_c7a1dd-1f\"] img.kb-inline-image{width:150px;vertical-align:baseline;}<\/style>\n<h6 class=\"kt-adv-heading1618_c7a1dd-1f wp-block-kadence-advancedheading\" data-kb-block=\"kb-adv-heading1618_c7a1dd-1f\">Intestatario ed indirizzo:<br>Emimei, CH 6318 Walchwil<br><br>Beneficiario: Verein EMIMEI<br>IBAN: CH59 0077 7009 2326 4364 2<br>Swift Code\/BIC:&nbsp;<a href=\"https:\/\/it.ibancalculator.com\/iban_validieren.html#\" target=\"_blank\" rel=\"noreferrer noopener\">KBSZCH22XXX&nbsp;<\/a><br><br>Indirizzo della banca: <br>Schwyzer Kantonalbank <br>CH-6410 Goldau<br><\/h6>\n\n\n<style>.wp-block-kadence-spacer.kt-block-spacer-1618_718095-17 .kt-block-spacer{height:60px;}.wp-block-kadence-spacer.kt-block-spacer-1618_718095-17 .kt-divider{border-top-width:1px;height:1px;border-top-color:#eee;width:80%;border-top-style:solid;}<\/style>\n<div class=\"wp-block-kadence-spacer aligncenter kt-block-spacer-1618_718095-17\"><div class=\"kt-block-spacer kt-block-spacer-halign-center\"><hr class=\"kt-divider\"\/><\/div><\/div>\n\n\n<style>.kadence-column1618_d0fa87-7e > .kt-inside-inner-col,.kadence-column1618_d0fa87-7e > .kt-inside-inner-col:before{border-top-left-radius:0px;border-top-right-radius:0px;border-bottom-right-radius:0px;border-bottom-left-radius:0px;}.kadence-column1618_d0fa87-7e > .kt-inside-inner-col{column-gap:var(--global-kb-gap-sm, 1rem);}.kadence-column1618_d0fa87-7e > .kt-inside-inner-col{flex-direction:column;}.kadence-column1618_d0fa87-7e > .kt-inside-inner-col > .aligncenter{width:100%;}.kadence-column1618_d0fa87-7e > .kt-inside-inner-col:before{opacity:0.3;}.kadence-column1618_d0fa87-7e{position:relative;}@media all and (max-width: 1024px){.kadence-column1618_d0fa87-7e > .kt-inside-inner-col{flex-direction:column;justify-content:center;}}@media all and (max-width: 767px){.kadence-column1618_d0fa87-7e > .kt-inside-inner-col{flex-direction:column;justify-content:center;}}<\/style>\n<div class=\"wp-block-kadence-column kadence-column1618_d0fa87-7e\"><div class=\"kt-inside-inner-col\">\n<div class=\"wp-block-columns is-layout-flex wp-container-core-columns-is-layout-9d6595d7 wp-block-columns-is-layout-flex\">\n<div class=\"wp-block-column is-layout-flow wp-block-column-is-layout-flow\" style=\"flex-basis:33.33%\"><style>.kb-lottie-container1618_d8b2a2-c0 dotlottie-player{max-width:200px;}<\/style><div class=\"kb-lottie-container kb-lottie-container1618_d8b2a2-c0 aligncenter\"><dotlottie-player loop=\"true\" speed=\"1\" autoplay=\"true\" mode=\"normal\" src=\"https:\/\/lottie.host\/79f9cdea-00ef-480e-92c2-4915aea8e6fd\/kJzPbx1V6S.lottie\"\n\t\t\t\t\t\t\tid=\"kb-lottie-player1618_d8b2a2-c0\"\n\t\t\t\t\t\t><\/dotlottie-player><\/div><\/div>\n\n\n\n<div class=\"wp-block-column is-layout-flow wp-block-column-is-layout-flow\" style=\"flex-basis:66.66%\"><style>.wp-block-kadence-advancedheading.kt-adv-heading1618_574d8e-56, .wp-block-kadence-advancedheading.kt-adv-heading1618_574d8e-56[data-kb-block=\"kb-adv-heading1618_574d8e-56\"]{text-align:left;font-size:var(--global-kb-font-size-md, 1.25rem);font-style:normal;}.wp-block-kadence-advancedheading.kt-adv-heading1618_574d8e-56 mark.kt-highlight, .wp-block-kadence-advancedheading.kt-adv-heading1618_574d8e-56[data-kb-block=\"kb-adv-heading1618_574d8e-56\"] mark.kt-highlight{font-style:normal;color:#f76a0c;-webkit-box-decoration-break:clone;box-decoration-break:clone;padding-top:0px;padding-right:0px;padding-bottom:0px;padding-left:0px;}.wp-block-kadence-advancedheading.kt-adv-heading1618_574d8e-56 img.kb-inline-image, .wp-block-kadence-advancedheading.kt-adv-heading1618_574d8e-56[data-kb-block=\"kb-adv-heading1618_574d8e-56\"] img.kb-inline-image{width:150px;vertical-align:baseline;}<\/style>\n<h5 class=\"kt-adv-heading1618_574d8e-56 wp-block-kadence-advancedheading\" data-kb-block=\"kb-adv-heading1618_574d8e-56\">Nel campo \u00abCausale\u00bb potete indicare il progetto specifico della vostra donazione.<br>Cortesemente, indicate anche il vostro indirizzo e-mail, in modo da potervi inviare la ricevuta della donazione.<br>Grazie!<\/h5>\n<\/div>\n<\/div>\n<\/div><\/div>\n\n\n<style>.wp-block-kadence-spacer.kt-block-spacer-1618_b4c0d7-4f .kt-block-spacer{height:60px;}.wp-block-kadence-spacer.kt-block-spacer-1618_b4c0d7-4f .kt-divider{border-top-width:1px;height:1px;border-top-color:#eee;width:80%;border-top-style:solid;}<\/style>\n<div class=\"wp-block-kadence-spacer aligncenter kt-block-spacer-1618_b4c0d7-4f\"><div class=\"kt-block-spacer kt-block-spacer-halign-center\"><hr class=\"kt-divider\"\/><\/div><\/div>\n\n\n<style>.wp-block-kadence-advancedheading.kt-adv-heading1618_ab0b09-ba, .wp-block-kadence-advancedheading.kt-adv-heading1618_ab0b09-ba[data-kb-block=\"kb-adv-heading1618_ab0b09-ba\"]{text-align:center;font-size:var(--global-kb-font-size-xl, 3rem);line-height:1.2em;font-style:normal;}.wp-block-kadence-advancedheading.kt-adv-heading1618_ab0b09-ba mark.kt-highlight, .wp-block-kadence-advancedheading.kt-adv-heading1618_ab0b09-ba[data-kb-block=\"kb-adv-heading1618_ab0b09-ba\"] mark.kt-highlight{font-style:normal;color:#f76a0c;-webkit-box-decoration-break:clone;box-decoration-break:clone;padding-top:0px;padding-right:0px;padding-bottom:0px;padding-left:0px;}.wp-block-kadence-advancedheading.kt-adv-heading1618_ab0b09-ba img.kb-inline-image, .wp-block-kadence-advancedheading.kt-adv-heading1618_ab0b09-ba[data-kb-block=\"kb-adv-heading1618_ab0b09-ba\"] img.kb-inline-image{width:150px;vertical-align:baseline;}<\/style>\n<h2 class=\"kt-adv-heading1618_ab0b09-ba wp-block-kadence-advancedheading\" data-kb-block=\"kb-adv-heading1618_ab0b09-ba\">Contattaci<\/h2>\n\n\n<style>.wp-block-kadence-advancedheading.kt-adv-heading1618_c96271-7c, .wp-block-kadence-advancedheading.kt-adv-heading1618_c96271-7c[data-kb-block=\"kb-adv-heading1618_c96271-7c\"]{text-align:center;font-size:var(--global-kb-font-size-sm, 0.9rem);font-style:normal;}.wp-block-kadence-advancedheading.kt-adv-heading1618_c96271-7c mark.kt-highlight, .wp-block-kadence-advancedheading.kt-adv-heading1618_c96271-7c[data-kb-block=\"kb-adv-heading1618_c96271-7c\"] mark.kt-highlight{font-style:normal;color:#f76a0c;-webkit-box-decoration-break:clone;box-decoration-break:clone;padding-top:0px;padding-right:0px;padding-bottom:0px;padding-left:0px;}.wp-block-kadence-advancedheading.kt-adv-heading1618_c96271-7c img.kb-inline-image, .wp-block-kadence-advancedheading.kt-adv-heading1618_c96271-7c[data-kb-block=\"kb-adv-heading1618_c96271-7c\"] img.kb-inline-image{width:150px;vertical-align:baseline;}<\/style>\n<p class=\"kt-adv-heading1618_c96271-7c wp-block-kadence-advancedheading\" data-kb-block=\"kb-adv-heading1618_c96271-7c\">Per qualsiasi informazione e domanda, utilizza il modulo di contatto <br>o chiamaci al&nbsp;numero (+41) 079 756 88 01<\/p>\n\n\n\n<div class=\"wp-block-contact-form-7-contact-form-selector\">\n<div class=\"wpcf7 no-js\" id=\"wpcf7-f1681-o1\" lang=\"it-IT\" dir=\"ltr\" data-wpcf7-id=\"1681\">\n<div class=\"screen-reader-response\"><p role=\"status\" aria-live=\"polite\" aria-atomic=\"true\"><\/p> <ul><\/ul><\/div>\n<form action=\"\/de\/wp-json\/wp\/v2\/pages\/1618#wpcf7-f1681-o1\" method=\"post\" class=\"wpcf7-form init\" aria-label=\"Modulo di contatto\" novalidate=\"novalidate\" data-status=\"init\">\n<fieldset class=\"hidden-fields-container\"><input type=\"hidden\" name=\"_wpcf7\" value=\"1681\" \/><input type=\"hidden\" name=\"_wpcf7_version\" value=\"6.1.5\" \/><input type=\"hidden\" name=\"_wpcf7_locale\" value=\"it_IT\" \/><input type=\"hidden\" name=\"_wpcf7_unit_tag\" value=\"wpcf7-f1681-o1\" \/><input type=\"hidden\" name=\"_wpcf7_container_post\" value=\"0\" \/><input type=\"hidden\" name=\"_wpcf7_posted_data_hash\" value=\"\" \/>\n<\/fieldset>\n<div class=\"modern-cf7\">\n\t<div class=\"form-row\">\n\t\t<div class=\"form-group\">\n\t\t\t<p><label>Nome<\/label><br \/>\n<span class=\"wpcf7-form-control-wrap\" data-name=\"your-name\"><input size=\"40\" maxlength=\"400\" class=\"wpcf7-form-control wpcf7-text wpcf7-validates-as-required\" aria-required=\"true\" aria-invalid=\"false\" placeholder=\"Es: Mario\" value=\"\" type=\"text\" name=\"your-name\" \/><\/span>\n\t\t\t<\/p>\n\t\t<\/div>\n\t\t<div class=\"form-group\">\n\t\t\t<p><label>Cognome<\/label><br \/>\n<span class=\"wpcf7-form-control-wrap\" data-name=\"your-surname\"><input size=\"40\" maxlength=\"400\" class=\"wpcf7-form-control wpcf7-text wpcf7-validates-as-required\" aria-required=\"true\" aria-invalid=\"false\" placeholder=\"Es: Rossi\" value=\"\" type=\"text\" name=\"your-surname\" \/><\/span>\n\t\t\t<\/p>\n\t\t<\/div>\n\t<\/div>\n\t<div class=\"form-group\">\n\t\t<p><label>Email<\/label><br \/>\n<span class=\"wpcf7-form-control-wrap\" data-name=\"your-email\"><input size=\"40\" maxlength=\"400\" class=\"wpcf7-form-control wpcf7-email wpcf7-validates-as-required wpcf7-text wpcf7-validates-as-email\" aria-required=\"true\" aria-invalid=\"false\" placeholder=\"mario.rossi@esempio.it\" value=\"\" type=\"email\" name=\"your-email\" \/><\/span>\n\t\t<\/p>\n\t<\/div>\n\t<div class=\"form-group\">\n\t\t<p><label>Oggetto<\/label><br \/>\n<span class=\"wpcf7-form-control-wrap\" data-name=\"your-subject\"><input size=\"40\" maxlength=\"400\" class=\"wpcf7-form-control wpcf7-text\" aria-invalid=\"false\" placeholder=\"Come possiamo aiutarti?\" value=\"\" type=\"text\" name=\"your-subject\" \/><\/span>\n\t\t<\/p>\n\t<\/div>\n\t<div class=\"form-group\">\n\t\t<p><label>Messaggio<\/label><br \/>\n<span class=\"wpcf7-form-control-wrap\" data-name=\"your-message\"><textarea cols=\"40\" rows=\"4\" maxlength=\"2000\" class=\"wpcf7-form-control wpcf7-textarea\" aria-invalid=\"false\" placeholder=\"Scrivi qui il tuo messaggio...\" name=\"your-message\"><\/textarea><\/span>\n\t\t<\/p>\n\t<\/div>\n\t<div class=\"privacy-row\">\n\t\t<p><span class=\"wpcf7-form-control-wrap\" data-name=\"acceptance-privacy\"><span class=\"wpcf7-form-control wpcf7-acceptance\"><span class=\"wpcf7-list-item\"><label><input type=\"checkbox\" name=\"acceptance-privacy\" value=\"1\" aria-invalid=\"false\" \/><span class=\"wpcf7-list-item-label\">Accetto la <a href=\"\/privacy-policy\">Politica e i Termini sulla Privacy<\/a><\/span><\/label><\/span><\/span><\/span>\n\t\t<\/p>\n\t<\/div>\n\t<div class=\"submit-row\">\n\t\t<p><input class=\"wpcf7-form-control wpcf7-submit has-spinner\" type=\"submit\" value=\"Invia il messaggio\" \/>\n\t\t<\/p>\n\t<\/div>\n<\/div><div class=\"wpcf7-response-output\" aria-hidden=\"true\"><\/div>\n<\/form>\n<\/div>\n<\/div>\n","protected":false},"excerpt":{"rendered":"<p>Il vostro contributo Se desiderate sostenere i progetti di EMIMEI &#8220;In ogni cosa vi ho mostrato che bisogna venire in aiuto ai deboli lavorando cos\u00ec, e ricordarsi delle parole del Signore Ges\u00f9, il quale disse egli stesso: &#8220;Vi \u00e8 pi\u00f9 gioia nel dare che nel ricevere.&#8221;&nbsp;Atti 20:35&nbsp; Progetti sostenuti dalle vostre donazioni Ogni donazione rinforza&#8230;<\/p>","protected":false},"author":1,"featured_media":1872,"parent":0,"menu_order":0,"comment_status":"closed","ping_status":"closed","template":"","meta":{"give_campaign_id":0,"_kad_post_transparent":"","_kad_post_title":"","_kad_post_layout":"","_kad_post_sidebar_id":"","_kad_post_content_style":"","_kad_post_vertical_padding":"","_kad_post_feature":"","_kad_post_feature_position":"","_kad_post_header":false,"_kad_post_footer":false,"_kad_post_classname":"","footnotes":""},"class_list":["post-1618","page","type-page","status-publish","has-post-thumbnail","hentry"],"campaignId":"","_links":{"self":[{"href":"https:\/\/emimei.org\/de\/wp-json\/wp\/v2\/pages\/1618","targetHints":{"allow":["GET"]}}],"collection":[{"href":"https:\/\/emimei.org\/de\/wp-json\/wp\/v2\/pages"}],"about":[{"href":"https:\/\/emimei.org\/de\/wp-json\/wp\/v2\/types\/page"}],"author":[{"embeddable":true,"href":"https:\/\/emimei.org\/de\/wp-json\/wp\/v2\/users\/1"}],"replies":[{"embeddable":true,"href":"https:\/\/emimei.org\/de\/wp-json\/wp\/v2\/comments?post=1618"}],"version-history":[{"count":36,"href":"https:\/\/emimei.org\/de\/wp-json\/wp\/v2\/pages\/1618\/revisions"}],"predecessor-version":[{"id":2470,"href":"https:\/\/emimei.org\/de\/wp-json\/wp\/v2\/pages\/1618\/revisions\/2470"}],"wp:featuredmedia":[{"embeddable":true,"href":"https:\/\/emimei.org\/de\/wp-json\/wp\/v2\/media\/1872"}],"wp:attachment":[{"href":"https:\/\/emimei.org\/de\/wp-json\/wp\/v2\/media?parent=1618"}],"curies":[{"name":"wp","href":"https:\/\/api.w.org\/{rel}","templated":true}]}}